{"id":55,"date":"2026-03-17T17:00:42","date_gmt":"2026-03-17T16:00:42","guid":{"rendered":"https:\/\/acreditate.com.ar\/ipec\/?page_id=55"},"modified":"2026-03-25T14:24:42","modified_gmt":"2026-03-25T13:24:42","slug":"inicio","status":"publish","type":"page","link":"https:\/\/acreditate.com.ar\/ipec\/","title":{"rendered":"Inicio"},"content":{"rendered":"\t\t<div data-elementor-type=\"wp-page\" data-elementor-id=\"55\" class=\"elementor elementor-55\">\n\t\t\t\t<div class=\"elementor-element elementor-element-b0ab73f e-flex e-con-boxed e-con e-parent\" data-id=\"b0ab73f\" data-element_type=\"container\" data-e-type=\"container\">\n\t\t\t\t\t<div class=\"e-con-inner\">\n\t\t\t\t<div class=\"elementor-element elementor-element-f271111 elementor-widget elementor-widget-text-editor\" data-id=\"f271111\" data-element_type=\"widget\" data-e-type=\"widget\" data-widget_type=\"text-editor.default\">\n\t\t\t\t\t\t\t\t\t<h3>Las Jornadas \u00d3pticas IPEC \u2013 Rosario 2026 se celebrar\u00e1n los d\u00edas 8, 9 y 10 de mayo de 2026 en el Hotel Ariston de Rosario, Argentina.<\/h3><p>Este evento de capacitaci\u00f3n intensiva ofrecer\u00e1 conferencias, actualizaci\u00f3n profesional y la presencia de disertantes internacionales de Venezuela, Colombia, Chile y M\u00e9xico, enfocado en lentes de contacto, control de miop\u00eda y marketing.<\/p>\t\t\t\t\t\t\t\t<\/div>\n\t\t\t\t\t<\/div>\n\t\t\t\t<\/div>\n\t\t<div class=\"elementor-element elementor-element-bf31f0e e-flex e-con-boxed e-con e-parent\" data-id=\"bf31f0e\" data-element_type=\"container\" data-e-type=\"container\">\n\t\t\t\t\t<div class=\"e-con-inner\">\n\t\t\t\t<div class=\"elementor-element elementor-element-f0b0673 elementor-widget elementor-widget-heading\" data-id=\"f0b0673\" data-element_type=\"widget\" data-e-type=\"widget\" data-widget_type=\"heading.default\">\n\t\t\t\t\t<h2 class=\"elementor-heading-title elementor-size-default\">Seleccione su tipo de Acceso<\/h2>\t\t\t\t<\/div>\n\t\t\t\t\t<\/div>\n\t\t\t\t<\/div>\n\t\t<div class=\"elementor-element elementor-element-ad3808e e-flex e-con-boxed e-con e-parent\" data-id=\"ad3808e\" data-element_type=\"container\" data-e-type=\"container\">\n\t\t\t\t\t<div class=\"e-con-inner\">\n\t\t\t\t<div class=\"elementor-element elementor-element-87ef2b4 eael-product-grid-column-3 elementor-widget elementor-widget-eicon-woocommerce\" data-id=\"87ef2b4\" data-element_type=\"widget\" data-e-type=\"widget\" data-widget_type=\"eicon-woocommerce.default\">\n\t\t\t\t\t\n        <div class=\"eael-product-grid eael-product-simple masonry\" id=\"eael-product-grid\" data-widget-id=\"87ef2b4\" data-page-id=\"55\" data-nonce=\"e3ec853c72\" >\n            <div class=\"woocommerce\">\n                <ul class=\"products eael-post-appender eael-post-appender-87ef2b4\" data-ssi-desktop=\"\" data-ssi-tablet=\"\" data-ssi-mobile=\"\" data-layout-mode=\"masonry\"> <li class=\"product \">\n<div class=\"eael-product-wrap\" data-src=\"\" data-src-hover=\"\">\n    <img fetchpriority=\"high\" decoding=\"async\" width=\"300\" height=\"177\" src=\"https:\/\/acreditate.com.ar\/ipec\/wp-content\/uploads\/sites\/11\/2026\/03\/VISITANTE-JOR26-300x177.jpg\" class=\"attachment-woocommerce_thumbnail size-woocommerce_thumbnail wvs-archive-product-image\" alt=\"VISITANTE\" loading=\"eager\" srcset=\"https:\/\/acreditate.com.ar\/ipec\/wp-content\/uploads\/sites\/11\/2026\/03\/VISITANTE-JOR26-300x177.jpg 300w, https:\/\/acreditate.com.ar\/ipec\/wp-content\/uploads\/sites\/11\/2026\/03\/VISITANTE-JOR26-768x454.jpg 768w, https:\/\/acreditate.com.ar\/ipec\/wp-content\/uploads\/sites\/11\/2026\/03\/VISITANTE-JOR26-600x355.jpg 600w, https:\/\/acreditate.com.ar\/ipec\/wp-content\/uploads\/sites\/11\/2026\/03\/VISITANTE-JOR26.jpg 800w\" sizes=\"(max-width: 300px) 100vw, 300px\" \/><div class=\"eael-product-title\">\n    <a href=\"https:\/\/acreditate.com.ar\/ipec\/acceso\/visitante\/\" class=\"woocommerce-LoopProduct-link woocommerce-loop-product__link\"><h2 class=\"woocommerce-loop-product__title\">VISITANTE<\/h2><\/a>\n    <\/div>    <a href=\"\/ipec\/wp-json\/wp\/v2\/pages\/55?add-to-cart=53\" aria-describedby=\"woocommerce_loop_add_to_cart_link_describedby_53\" data-quantity=\"1\" class=\"button product_type_simple add_to_cart_button ajax_add_to_cart\" data-product_id=\"53\" data-product_sku=\"VIS\" aria-label=\"A\u00f1adir al carrito: &ldquo;VISITANTE&rdquo;\" rel=\"nofollow\" data-success_message=\"\u00abVISITANTE\u00bb se ha a\u00f1adido a tu carrito\">Acreditarse<\/a>\t<span id=\"woocommerce_loop_add_to_cart_link_describedby_53\" class=\"screen-reader-text\">\n\t\t\t<\/span>\n    \n<\/div>\n\n<\/li> <li class=\"product \">\n<div class=\"eael-product-wrap\" data-src=\"\" data-src-hover=\"\">\n    <img decoding=\"async\" width=\"300\" height=\"177\" src=\"https:\/\/acreditate.com.ar\/ipec\/wp-content\/uploads\/sites\/11\/2026\/03\/ASISTENTE-JOR26-300x177.jpg\" class=\"attachment-woocommerce_thumbnail size-woocommerce_thumbnail wvs-archive-product-image\" alt=\"ASISTENTE\" loading=\"eager\" srcset=\"https:\/\/acreditate.com.ar\/ipec\/wp-content\/uploads\/sites\/11\/2026\/03\/ASISTENTE-JOR26-300x177.jpg 300w, https:\/\/acreditate.com.ar\/ipec\/wp-content\/uploads\/sites\/11\/2026\/03\/ASISTENTE-JOR26-768x454.jpg 768w, https:\/\/acreditate.com.ar\/ipec\/wp-content\/uploads\/sites\/11\/2026\/03\/ASISTENTE-JOR26-600x355.jpg 600w, https:\/\/acreditate.com.ar\/ipec\/wp-content\/uploads\/sites\/11\/2026\/03\/ASISTENTE-JOR26.jpg 800w\" sizes=\"(max-width: 300px) 100vw, 300px\" \/><div class=\"eael-product-title\">\n    <a href=\"https:\/\/acreditate.com.ar\/ipec\/acceso\/asistente\/\" class=\"woocommerce-LoopProduct-link woocommerce-loop-product__link\"><h2 class=\"woocommerce-loop-product__title\">ASISTENTE<\/h2><\/a>\n    <\/div>    <a href=\"https:\/\/acreditate.com.ar\/ipec\/acceso\/asistente\/\" aria-describedby=\"woocommerce_loop_add_to_cart_link_describedby_61\" data-quantity=\"1\" class=\"button product_type_variable add_to_cart_button\" data-product_id=\"61\" data-product_sku=\"ASIS\" aria-label=\"Elige las opciones para &ldquo;ASISTENTE&rdquo;\" rel=\"nofollow\">Seleccionar opciones<\/a>\t<span id=\"woocommerce_loop_add_to_cart_link_describedby_61\" class=\"screen-reader-text\">\n\t\tEste producto tiene m\u00faltiples variantes. Las opciones se pueden elegir en la p\u00e1gina de producto\t<\/span>\n    \n<\/div>\n\n<\/li> <li class=\"product \">\n<div class=\"eael-product-wrap\" data-src=\"\" data-src-hover=\"\">\n    <img decoding=\"async\" width=\"300\" height=\"177\" src=\"https:\/\/acreditate.com.ar\/ipec\/wp-content\/uploads\/sites\/11\/2026\/03\/EXPOSITOR-JOR26-300x177.jpg\" class=\"attachment-woocommerce_thumbnail size-woocommerce_thumbnail wvs-archive-product-image\" alt=\"EXPOSITOR\" loading=\"eager\" srcset=\"https:\/\/acreditate.com.ar\/ipec\/wp-content\/uploads\/sites\/11\/2026\/03\/EXPOSITOR-JOR26-300x177.jpg 300w, https:\/\/acreditate.com.ar\/ipec\/wp-content\/uploads\/sites\/11\/2026\/03\/EXPOSITOR-JOR26-768x454.jpg 768w, https:\/\/acreditate.com.ar\/ipec\/wp-content\/uploads\/sites\/11\/2026\/03\/EXPOSITOR-JOR26-600x355.jpg 600w, https:\/\/acreditate.com.ar\/ipec\/wp-content\/uploads\/sites\/11\/2026\/03\/EXPOSITOR-JOR26.jpg 800w\" sizes=\"(max-width: 300px) 100vw, 300px\" \/><div class=\"eael-product-title\">\n    <a href=\"https:\/\/acreditate.com.ar\/ipec\/acceso\/expositor\/\" class=\"woocommerce-LoopProduct-link woocommerce-loop-product__link\"><h2 class=\"woocommerce-loop-product__title\">EXPOSITOR<\/h2><\/a>\n    <\/div>    <a href=\"\/ipec\/wp-json\/wp\/v2\/pages\/55?add-to-cart=77\" aria-describedby=\"woocommerce_loop_add_to_cart_link_describedby_77\" data-quantity=\"1\" class=\"button product_type_simple add_to_cart_button ajax_add_to_cart\" data-product_id=\"77\" data-product_sku=\"EXP\" aria-label=\"A\u00f1adir al carrito: &ldquo;EXPOSITOR&rdquo;\" rel=\"nofollow\" data-success_message=\"\u00abEXPOSITOR\u00bb se ha a\u00f1adido a tu carrito\">Acreditarse<\/a>\t<span id=\"woocommerce_loop_add_to_cart_link_describedby_77\" class=\"screen-reader-text\">\n\t\t\t<\/span>\n    \n<\/div>\n\n<\/li><\/ul>            <\/div>\n        <\/div>\n\n        <script type=\"text\/javascript\">\n            jQuery(document).ready(function($) {\n                var $scope = jQuery(\".elementor-element-87ef2b4\");\n                var $products = $('.products', $scope);\n                var $layout_mode = $products.data('layout-mode');\n                \n                if ( $layout_mode === 'masonry' ) {\n                    \/\/ init isotope\n                    var $isotope_products = $products.isotope({\n                        itemSelector: \"li.product\",\n                        layoutMode: $layout_mode,\n                        percentPosition: true\n                    });\n\n                    $isotope_products.imagesLoaded().progress( function() {\n                        $isotope_products.isotope('layout');\n                    })\n                    \n                }\n            });\n        <\/script>\n        \t\t\t\t<\/div>\n\t\t\t\t\t<\/div>\n\t\t\t\t<\/div>\n\t\t\t\t<\/div>\n\t\t","protected":false},"excerpt":{"rendered":"<p>Las Jornadas \u00d3pticas IPEC \u2013 Rosario 2026 se celebrar\u00e1n los d\u00edas 8, 9 y 10 de mayo de 2026 en [&hellip;]<\/p>\n","protected":false},"author":2,"featured_media":0,"parent":0,"menu_order":0,"comment_status":"closed","ping_status":"closed","template":"","meta":{"site-sidebar-layout":"no-sidebar","site-content-layout":"","ast-site-content-layout":"full-width-container","site-content-style":"default","site-sidebar-style":"default","ast-global-header-display":"","ast-banner-title-visibility":"","ast-main-header-display":"","ast-hfb-above-header-display":"","ast-hfb-below-header-display":"","ast-hfb-mobile-header-display":"","site-post-title":"disabled","ast-breadcrumbs-content":"","ast-featured-img":"disabled","footer-sml-layout":"","ast-disable-related-posts":"","theme-transparent-header-meta":"","adv-header-id-meta":"","stick-header-meta":"","header-above-stick-meta":"","header-main-stick-meta":"","header-below-stick-meta":"","astra-migrate-meta-layouts":"default","ast-page-background-enabled":"default","ast-page-background-meta":{"desktop":{"background-color":"var(--ast-global-color-5)","background-image":"","background-repeat":"repeat","background-position":"center center","background-size":"auto","background-attachment":"scroll","background-type":"","background-media":"","overlay-type":"","overlay-color":"","overlay-opacity":"","overlay-gradient":""},"tablet":{"background-color":"","background-image":"","background-repeat":"repeat","background-position":"center center","background-size":"auto","background-attachment":"scroll","background-type":"","background-media":"","overlay-type":"","overlay-color":"","overlay-opacity":"","overlay-gradient":""},"mobile":{"background-color":"","background-image":"","background-repeat":"repeat","background-position":"center center","background-size":"auto","background-attachment":"scroll","background-type":"","background-media":"","overlay-type":"","overlay-color":"","overlay-opacity":"","overlay-gradient":""}},"ast-content-background-meta":{"desktop":{"background-color":"var(--ast-global-color-4)","background-image":"","background-repeat":"repeat","background-position":"center center","background-size":"auto","background-attachment":"scroll","background-type":"","background-media":"","overlay-type":"","overlay-color":"","overlay-opacity":"","overlay-gradient":""},"tablet":{"background-color":"var(--ast-global-color-4)","background-image":"","background-repeat":"repeat","background-position":"center center","background-size":"auto","background-attachment":"scroll","background-type":"","background-media":"","overlay-type":"","overlay-color":"","overlay-opacity":"","overlay-gradient":""},"mobile":{"background-color":"var(--ast-global-color-4)","background-image":"","background-repeat":"repeat","background-position":"center center","background-size":"auto","background-attachment":"scroll","background-type":"","background-media":"","overlay-type":"","overlay-color":"","overlay-opacity":"","overlay-gradient":""}},"footnotes":""},"class_list":["post-55","page","type-page","status-publish","hentry","desktop-align-left","tablet-align-left","mobile-align-left"],"_links":{"self":[{"href":"https:\/\/acreditate.com.ar\/ipec\/wp-json\/wp\/v2\/pages\/55","targetHints":{"allow":["GET"]}}],"collection":[{"href":"https:\/\/acreditate.com.ar\/ipec\/wp-json\/wp\/v2\/pages"}],"about":[{"href":"https:\/\/acreditate.com.ar\/ipec\/wp-json\/wp\/v2\/types\/page"}],"author":[{"embeddable":true,"href":"https:\/\/acreditate.com.ar\/ipec\/wp-json\/wp\/v2\/users\/2"}],"replies":[{"embeddable":true,"href":"https:\/\/acreditate.com.ar\/ipec\/wp-json\/wp\/v2\/comments?post=55"}],"version-history":[{"count":22,"href":"https:\/\/acreditate.com.ar\/ipec\/wp-json\/wp\/v2\/pages\/55\/revisions"}],"predecessor-version":[{"id":139,"href":"https:\/\/acreditate.com.ar\/ipec\/wp-json\/wp\/v2\/pages\/55\/revisions\/139"}],"wp:attachment":[{"href":"https:\/\/acreditate.com.ar\/ipec\/wp-json\/wp\/v2\/media?parent=55"}],"curies":[{"name":"wp","href":"https:\/\/api.w.org\/{rel}","templated":true}]}}